{"id":12853,"date":"2023-07-20T17:26:32","date_gmt":"2023-07-20T20:26:32","guid":{"rendered":"https:\/\/leonlisboa.com.br\/site\/?page_id=12853"},"modified":"2023-07-24T16:36:47","modified_gmt":"2023-07-24T19:36:47","slug":"trabalhe-conosco","status":"publish","type":"page","link":"https:\/\/leonlisboa.com.br\/site\/trabalhe-conosco\/","title":{"rendered":"Trabalhe Conosco"},"content":{"rendered":"\t\t<div data-elementor-type=\"wp-page\" data-elementor-id=\"12853\" class=\"elementor elementor-12853\">\n\t\t\t\t\t\t<section class=\"elementor-section elementor-top-section elementor-element elementor-element-756cfc92 elementor-section-boxed elementor-section-height-default elementor-section-height-default\" data-id=\"756cfc92\" data-element_type=\"section\" data-e-type=\"section\" data-settings=\"{&quot;background_background&quot;:&quot;classic&quot;}\">\n\t\t\t\t\t\t\t<div class=\"elementor-background-overlay\"><\/div>\n\t\t\t\t\t\t\t<div class=\"elementor-container elementor-column-gap-default\">\n\t\t\t\t\t<div class=\"elementor-column elementor-col-100 elementor-top-column elementor-element elementor-element-506506d6\" data-id=\"506506d6\" data-element_type=\"column\" data-e-type=\"column\">\n\t\t\t<div class=\"elementor-widget-wrap elementor-element-populated\">\n\t\t\t\t\t\t<div class=\"elementor-element elementor-element-6b713837 elementor-widget elementor-widget-sina_title\" data-id=\"6b713837\" data-element_type=\"widget\" data-e-type=\"widget\" data-widget_type=\"sina_title.default\">\n\t\t\t\t<div class=\"elementor-widget-container\">\n\t\t\t\t\t\t\t<div class=\"sina-title\">\r\n\t\t\t\r\n\t\t\t\r\n\t\t\t\r\n\t\t\t\t\t\t\t<h3 class=\"sina-title-subtitle\">Trabalhe Conosco<\/h3>\t\t\t\r\n\t\t\t\t\t<\/div><!-- .sina-title -->\r\n\t\t\t\t\t\t<\/div>\n\t\t\t\t<\/div>\n\t\t\t\t\t<\/div>\n\t\t<\/div>\n\t\t\t\t\t<\/div>\n\t\t<\/section>\n\t\t\t\t<section class=\"elementor-section elementor-top-section elementor-element elementor-element-e63d749 elementor-section-boxed elementor-section-height-default elementor-section-height-default\" data-id=\"e63d749\" data-element_type=\"section\" data-e-type=\"section\">\n\t\t\t\t\t\t<div class=\"elementor-container elementor-column-gap-default\">\n\t\t\t\t\t<div class=\"elementor-column elementor-col-100 elementor-top-column elementor-element elementor-element-2c6faf0c\" data-id=\"2c6faf0c\" data-element_type=\"column\" data-e-type=\"column\">\n\t\t\t<div class=\"elementor-widget-wrap elementor-element-populated\">\n\t\t\t\t\t\t<div class=\"elementor-element elementor-element-8d6ef75 elementor-widget elementor-widget-text-editor\" data-id=\"8d6ef75\" data-element_type=\"widget\" data-e-type=\"widget\" data-widget_type=\"text-editor.default\">\n\t\t\t\t<div class=\"elementor-widget-container\">\n\t\t\t\t\t\t\t\t\t<p><strong>A LE\u00d3N LISBOA aceita candidatos de todas as etnias\u00a0 (brasileira, cigana, judaica, mu\u00e7ulmana, oriental, etc), religi\u00f5es, cores, g\u00eaneros, com e sem quest\u00f5es de mobilidade ou quaisquer supostas diferen\u00e7as. <\/strong><\/p><p><strong>O que importa para n\u00f3s \u00e9 a capacidade intelectual, o alto n\u00edvel \u00e9tico, a integridade moral, a vontade de trabalhar e estudar, e a pr\u00f3-atividade. Estas caracter\u00edsticas s\u00e3o imprescind\u00edveis ! Se voc\u00ea as tem, ent\u00e3o seja bem-vindo.<\/strong><\/p>\t\t\t\t\t\t\t\t<\/div>\n\t\t\t\t<\/div>\n\t\t\t\t<div class=\"elementor-element elementor-element-15f76f3f elementor-widget elementor-widget-sina_title\" data-id=\"15f76f3f\" data-element_type=\"widget\" data-e-type=\"widget\" data-widget_type=\"sina_title.default\">\n\t\t\t\t<div class=\"elementor-widget-container\">\n\t\t\t\t\t\t\t<div class=\"sina-title\">\r\n\t\t\t\r\n\t\t\t\t\t\t\t<h2 class=\"sina-title-title\">RH<\/h2>\t\t\t\r\n\t\t\t\r\n\t\t\t\t\t\t\t<h3 class=\"sina-title-subtitle\">Vagas<\/h3>\t\t\t\r\n\t\t\t\t\t<\/div><!-- .sina-title -->\r\n\t\t\t\t\t\t<\/div>\n\t\t\t\t<\/div>\n\t\t\t\t<div class=\"elementor-element elementor-element-20674d3 elementor-widget elementor-widget-toggle\" data-id=\"20674d3\" data-element_type=\"widget\" data-e-type=\"widget\" data-widget_type=\"toggle.default\">\n\t\t\t\t<div class=\"elementor-widget-container\">\n\t\t\t\t\t\t\t<div class=\"elementor-toggle\">\n\t\t\t\t\t\t\t<div class=\"elementor-toggle-item\">\n\t\t\t\t\t<div id=\"elementor-tab-title-3391\" class=\"elementor-tab-title\" data-tab=\"1\" role=\"button\" aria-controls=\"elementor-tab-content-3391\" aria-expanded=\"false\">\n\t\t\t\t\t\t\t\t\t\t\t\t<span class=\"elementor-toggle-icon elementor-toggle-icon-left\" aria-hidden=\"true\">\n\t\t\t\t\t\t\t\t\t\t\t\t\t\t\t<span class=\"elementor-toggle-icon-closed\"><i class=\"fas fa-caret-right\"><\/i><\/span>\n\t\t\t\t\t\t\t\t<span class=\"elementor-toggle-icon-opened\"><i class=\"elementor-toggle-icon-opened fas fa-caret-up\"><\/i><\/span>\n\t\t\t\t\t\t\t\t\t\t\t\t\t<\/span>\n\t\t\t\t\t\t\t\t\t\t\t\t<a class=\"elementor-toggle-title\" tabindex=\"0\">Representante Comercial Aut\u00f4nomo(a)<\/a>\n\t\t\t\t\t<\/div>\n\n\t\t\t\t\t<div id=\"elementor-tab-content-3391\" class=\"elementor-tab-content elementor-clearfix\" data-tab=\"1\" role=\"region\" aria-labelledby=\"elementor-tab-title-3391\"><p><strong>Resumo do cargo<\/strong><\/p><p>Somos uma empresa especializada em Seguran\u00e7a da Informa\u00e7\u00e3o, com servi\u00e7os como Auditoria de TI, Auditoria Cibern\u00e9tica, Ciberseguran\u00e7a e Investiga\u00e7\u00f5es. Nossa empresa se situa em Curitiba \u2013 PR e efetua servi\u00e7os B2B para empresas de todo o pa\u00eds. <br \/>Por isto, buscamos profissional PJ ou Aut\u00f4nomo para trabalho de prospec\u00e7\u00e3o e venda de servi\u00e7os de TI e Seguran\u00e7a da Informa\u00e7\u00e3o em empresas no Sul do Brasil (Paran\u00e1, Santa Catarina e Rio Grande do Sul), e S\u00e3o Paulo e regi\u00e3o. <br \/>Comissionamento atraente para cada contrato fechado para a empresa. Ser\u00e1 fechado contrato com o profissional e necess\u00e1rio ao candidato, a cada venda de servi\u00e7os fechada, emitir nota fiscal (para PJ) ou documento de aut\u00f4nomo.<\/p><p><strong>Responsabilidades<\/strong><\/p><p>Apresentar e vender os servi\u00e7os de TI e Seguran\u00e7a da Informa\u00e7\u00e3o para os clientes. Prospectar e contatar clientes novos e potenciais. Alcan\u00e7ar metas de vendas acordadas (prazos e volumes). Manter contato com clientes para acompanhamento de novos servi\u00e7os. Registrar d\u00favidas e reclama\u00e7\u00f5es de clientes, conforme nossa determina\u00e7\u00e3o. Manter controles, registros e relat\u00f3rios atualizados, conforme nossa determina\u00e7\u00e3o.<\/p><p><strong>Qualifica\u00e7\u00f5es<\/strong><\/p><p>Experi\u00eancia pr\u00e9via em vendas de servi\u00e7os de TI. <br \/>Conhecimento de \u00e1rea comercial, principalmente prospec\u00e7\u00e3o e atendimento consultivo a empresas de M\u00e9dio e Grande portes de todos os segmentos, e se poss\u00edvel com carteira formada.<br \/>Familiaridade com plataformas de CRM, Controles e Registros de Vendas. <br \/>Habilidade para construir confian\u00e7a com os clientes. <br \/>Forte poder de convencimento e fechamento de contratos.<br \/>Alta capacidade de negocia\u00e7\u00e3o. <br \/>Focado em prazos, detalhes e cumprimento de metas estabelecidas. <br \/>Que seja profissional, organizado e que tenha planejamento de trabalho.<\/p><p><strong>Diferencial<\/strong><\/p><p>Carteira de clientes.<br \/>H\u00e1 possibilidade futura de efetiva\u00e7\u00e3o (de acordo com meritocracia).<br \/>Temos pol\u00edtica de \u00f3tima comiss\u00e3o e b\u00f4nus por desempenho.<\/p><p><strong>Localidade(s)<\/strong><\/p><p>Paran\u00e1, Santa Catarina, Rio Grande do Sul, S\u00e3o Paulo e regi\u00e3o.<\/p><p><strong>Contrata\u00e7\u00e3o<\/strong><\/p><p>PJ ou Aut\u00f4nomo<\/p><p><strong>Remunera\u00e7\u00e3o<\/strong><\/p><p>De acordo com cada contrato fechado haver\u00e1 um percentual por contrato.<\/p><p><strong>Regularidade<\/strong><\/p><p>Por projeto.<\/p><div class=\"notranslate\" style=\"all: initial;\">\u00a0<\/div><\/div>\n\t\t\t\t<\/div>\n\t\t\t\t\t\t\t<div class=\"elementor-toggle-item\">\n\t\t\t\t\t<div id=\"elementor-tab-title-3392\" class=\"elementor-tab-title\" data-tab=\"2\" role=\"button\" aria-controls=\"elementor-tab-content-3392\" aria-expanded=\"false\">\n\t\t\t\t\t\t\t\t\t\t\t\t<span class=\"elementor-toggle-icon elementor-toggle-icon-left\" aria-hidden=\"true\">\n\t\t\t\t\t\t\t\t\t\t\t\t\t\t\t<span class=\"elementor-toggle-icon-closed\"><i class=\"fas fa-caret-right\"><\/i><\/span>\n\t\t\t\t\t\t\t\t<span class=\"elementor-toggle-icon-opened\"><i class=\"elementor-toggle-icon-opened fas fa-caret-up\"><\/i><\/span>\n\t\t\t\t\t\t\t\t\t\t\t\t\t<\/span>\n\t\t\t\t\t\t\t\t\t\t\t\t<a class=\"elementor-toggle-title\" tabindex=\"0\">Auditor de TI J\u00fanior<\/a>\n\t\t\t\t\t<\/div>\n\n\t\t\t\t\t<div id=\"elementor-tab-content-3392\" class=\"elementor-tab-content elementor-clearfix\" data-tab=\"2\" role=\"region\" aria-labelledby=\"elementor-tab-title-3392\"><p><strong>Resumo do cargo<\/strong><\/p><p>Somos uma empresa especializada em Seguran\u00e7a da Informa\u00e7\u00e3o, com servi\u00e7os como Auditoria de TI, Auditoria Cibern\u00e9tica, Ciberseguran\u00e7a e Investiga\u00e7\u00f5es. Nossa empresa se situa em Curitiba \u2013 PR e efetua servi\u00e7os B2B para empresas de todo o pa\u00eds. <br \/>Sua principal fun\u00e7\u00e3o \u00e9 garantir que os controles e procedimentos de seguran\u00e7a da informa\u00e7\u00e3o estejam sendo aplicados adequadamente, identificar poss\u00edveis vulnerabilidades e riscos, e contribuir para a melhoria dos processos relacionados \u00e0 TI<\/p><p><strong>Responsabilidades<\/strong><\/p><p>Participar de auditorias de sistemas de TI para avaliar a conformidade com pol\u00edticas, procedimentos, regulamentos e padr\u00f5es de seguran\u00e7a estabelecidos pela organiza\u00e7\u00e3o e pela legisla\u00e7\u00e3o vigente. Verificar a efic\u00e1cia dos controles internos relacionados \u00e0 TI, como acessos, privil\u00e9gios de usu\u00e1rio, segrega\u00e7\u00e3o de fun\u00e7\u00f5es e procedimentos de backup e recupera\u00e7\u00e3o.Identificar e avaliar riscos de seguran\u00e7a da informa\u00e7\u00e3o, bem como poss\u00edveis amea\u00e7as e vulnerabilidades nos sistemas de TI. Auxiliar na revis\u00e3o e atualiza\u00e7\u00e3o de pol\u00edticas, normas e procedimentos de seguran\u00e7a da informa\u00e7\u00e3o e TI, garantindo que estejam alinhados com as melhores pr\u00e1ticas e regulamenta\u00e7\u00f5es. Manter-se atualizado sobre as tend\u00eancias e pr\u00e1ticas de seguran\u00e7a da informa\u00e7\u00e3o e auditoria de TI para melhorar constantemente suas habilidades e conhecimentos. Trabalhar em estreita colabora\u00e7\u00e3o com a equipe de Auditoria de TI e outros profissionais da empresa para implementar medidas de seguran\u00e7a e melhorar a infraestrutura de TI da organiza\u00e7\u00e3o.<\/p><p><strong>Qualifica\u00e7\u00f5es<\/strong><\/p><p>Diploma de Bacharel ou Tecn\u00f3logo em \u00e1reas relacionadas \u00e0 Tecnologia da Informa\u00e7\u00e3o, como Ci\u00eancia da Computa\u00e7\u00e3o, Engenharia de Computa\u00e7\u00e3o, Sistemas de Informa\u00e7\u00e3o ou \u00e1reas afins ou cursos t\u00e9cnicos na \u00e1rea de TI como qualifica\u00e7\u00e3o.<br \/>Possuir um bom entendimento dos princ\u00edpios e conceitos fundamentais de TI, incluindo redes, sistemas operacionais, banco de dados, seguran\u00e7a da informa\u00e7\u00e3o e tecnologias emergentes.<br \/>Familiaridade com conceitos de auditoria interna e externa, processos de controle interno e normas de governan\u00e7a de TI, como COBIT (Control Objectives for Information and Related Technologies) ou ITIL (Information Technology Infrastructure Library).<br \/>Conhecimentos b\u00e1sicos em pr\u00e1ticas e padr\u00f5es de seguran\u00e7a da informa\u00e7\u00e3o, como ISO 27001, e compreens\u00e3o dos riscos de seguran\u00e7a cibern\u00e9tica.<br \/>Habilidades de comunica\u00e7\u00e3o verbal e escrita s\u00e3o essenciais para o trabalho em equipe e para a elabora\u00e7\u00e3o de relat\u00f3rios e documenta\u00e7\u00e3o t\u00e9cnica.<br \/>Capacidade de analisar dados e informa\u00e7\u00f5es para identificar problemas, avaliar riscos e propor melhorias.<br \/>Capacidade de lidar com v\u00e1rias tarefas e projetos simultaneamente \u00e9 importante para garantir o cumprimento dos prazos e entregas.<br \/>Alta capacidade de trablho em equipe.<br \/>Focado em prazos, detalhes e cumprimento de metas estabelecidas. <br \/>Que seja profissional, organizado e que tenha planejamento de trabalho.<\/p><p><strong>Diferencial<\/strong><\/p><p>Embora n\u00e3o seja sempre um requisito, possuir certifica\u00e7\u00f5es relevantes, como CISA (Certified Information Systems Auditor) ou outras certifica\u00e7\u00f5es relacionadas \u00e0 Auditoria de TI.<br \/>Idioma Ingl\u00eas para conversa\u00e7\u00e3o, leitura e escrita.<\/p><p><strong>Localidade(s)<\/strong><\/p><p>Paran\u00e1, Santa Catarina, Rio Grande do Sul, S\u00e3o Paulo e regi\u00e3o.<\/p><p><strong>Contrata\u00e7\u00e3o<\/strong><\/p><p>PJ ou Aut\u00f4nomo<\/p><p><strong>Remunera\u00e7\u00e3o<\/strong><\/p><p>De acordo com cada projeto no qual participar\u00e1. A combinar.<\/p><p><strong>Regularidade<\/strong><\/p><p>Por projeto.<\/p><div class=\"notranslate\" style=\"all: initial;\">\u00a0<\/div><\/div>\n\t\t\t\t<\/div>\n\t\t\t\t\t\t\t\t<\/div>\n\t\t\t\t\t\t<\/div>\n\t\t\t\t<\/div>\n\t\t\t\t<div class=\"elementor-element elementor-element-77dcaa6 elementor-widget elementor-widget-spacer\" data-id=\"77dcaa6\" data-element_type=\"widget\" data-e-type=\"widget\" data-widget_type=\"spacer.default\">\n\t\t\t\t<div class=\"elementor-widget-container\">\n\t\t\t\t\t\t\t<div class=\"elementor-spacer\">\n\t\t\t<div class=\"elementor-spacer-inner\"><\/div>\n\t\t<\/div>\n\t\t\t\t\t\t<\/div>\n\t\t\t\t<\/div>\n\t\t\t\t<div class=\"elementor-element elementor-element-ce55d88 elementor-widget elementor-widget-text-editor\" data-id=\"ce55d88\" data-element_type=\"widget\" data-e-type=\"widget\" data-widget_type=\"text-editor.default\">\n\t\t\t\t<div class=\"elementor-widget-container\">\n\t\t\t\t\t\t\t\t\t<p><strong>Escolha a vaga desejada. Preencha o formul\u00e1rio abaixo, anexe o seu curr\u00edculo e clique no bot\u00e3o \u201cEnviar\u201d. Nosso RH receber\u00e1 sua aplia\u00e7\u00e3o \u00e0 vaga desejada e entraremos em contato para maiores informa\u00e7\u00f5es.<\/strong><\/p>\t\t\t\t\t\t\t\t<\/div>\n\t\t\t\t<\/div>\n\t\t\t\t<div class=\"elementor-element elementor-element-c4efc00 elementor-widget elementor-widget-heading\" data-id=\"c4efc00\" data-element_type=\"widget\" data-e-type=\"widget\" data-widget_type=\"heading.default\">\n\t\t\t\t<div class=\"elementor-widget-container\">\n\t\t\t\t\t<h1 class=\"elementor-heading-title elementor-size-default\">Formul\u00e1rio de Vagas<\/h1>\t\t\t\t<\/div>\n\t\t\t\t<\/div>\n\t\t\t\t<div class=\"elementor-element elementor-element-0f8afe8 elementor-widget elementor-widget-shortcode\" data-id=\"0f8afe8\" data-element_type=\"widget\" data-e-type=\"widget\" data-widget_type=\"shortcode.default\">\n\t\t\t\t<div class=\"elementor-widget-container\">\n\t\t\t\t\t\t\t<div class=\"elementor-shortcode\">\n<div class=\"wpcf7 no-js\" id=\"wpcf7-f12870-o1\" lang=\"pt-BR\" dir=\"ltr\" data-wpcf7-id=\"12870\">\n<div class=\"screen-reader-response\"><p role=\"status\" aria-live=\"polite\" aria-atomic=\"true\"><\/p> <ul><\/ul><\/div>\n<form action=\"\/site\/wp-json\/wp\/v2\/pages\/12853#wpcf7-f12870-o1\" method=\"post\" class=\"wpcf7-form init b9365bf4b5e4 cmatic-disconn cmatic-aud-0 cmatic-mapd0-0 cmatic-v097803 cmatic-sent-0 cmatic-total-0\" aria-label=\"Formul\u00e1rios de contato\" enctype=\"multipart\/form-data\" novalidate=\"novalidate\" data-status=\"init\">\n<fieldset class=\"hidden-fields-container\"><input type=\"hidden\" name=\"_wpcf7\" value=\"12870\" \/><input type=\"hidden\" name=\"_wpcf7_version\" value=\"6.1.5\" \/><input type=\"hidden\" name=\"_wpcf7_locale\" value=\"pt_BR\" \/><input type=\"hidden\" name=\"_wpcf7_unit_tag\" value=\"wpcf7-f12870-o1\" \/><input type=\"hidden\" name=\"_wpcf7_container_post\" value=\"0\" \/><input type=\"hidden\" name=\"_wpcf7_posted_data_hash\" value=\"\" \/><input type=\"hidden\" name=\"_uacf7_hidden_conditional_fields\" value=\"\" \/><input type=\"hidden\" name=\"_wpcf7_recaptcha_response\" value=\"\" \/>\n<\/fieldset>\n<div class=\"uacf7-form-wrapper-container uacf7-form-12870  \"><label> Seu nome completo \n    <span class=\"wpcf7-form-control-wrap\" data-name=\"your-name\"><input size=\"40\" maxlength=\"400\" class=\"wpcf7-form-control wpcf7-text wpcf7-validates-as-required\" autocomplete=\"name\" aria-required=\"true\" aria-invalid=\"false\" value=\"\" type=\"text\" name=\"your-name\" \/><\/span> <\/label>\n\n<label> Seu e-mail\n    <span class=\"wpcf7-form-control-wrap\" data-name=\"your-email\"><input size=\"40\" maxlength=\"400\" class=\"wpcf7-form-control wpcf7-email wpcf7-validates-as-required wpcf7-text wpcf7-validates-as-email\" autocomplete=\"email\" aria-required=\"true\" aria-invalid=\"false\" value=\"\" type=\"email\" name=\"your-email\" \/><\/span> <\/label>\n\n<label> Telefone \/ WhatsApp\n<span class=\"wpcf7-form-control-wrap\" data-name=\"telefone\"><input class=\"wpcf7-form-control wpcf7-number wpcf7-validates-as-required wpcf7-validates-as-number\" aria-required=\"true\" aria-invalid=\"false\" value=\"\" type=\"number\" name=\"telefone\" \/><\/span> <\/label>\n\n<label> Cidade e Estado\n<span class=\"wpcf7-form-control-wrap\" data-name=\"cidade-estado\"><input size=\"40\" maxlength=\"400\" class=\"wpcf7-form-control wpcf7-text wpcf7-validates-as-required\" aria-required=\"true\" aria-invalid=\"false\" value=\"\" type=\"text\" name=\"cidade-estado\" \/><\/span><\/label>\n\n<br><\/br>\n\n<label> Vaga a escolher <\/label>\n\n<span class=\"wpcf7-form-control-wrap\" data-name=\"vagas\"><span class=\"wpcf7-form-control wpcf7-radio\"><span class=\"wpcf7-list-item first\"><label><input type=\"radio\" name=\"vagas\" value=\"Representante Comercial Aut\u00f4nomo(a)\" checked=\"checked\" \/><span class=\"wpcf7-list-item-label\">Representante Comercial Aut\u00f4nomo(a)<\/span><\/label><\/span><span class=\"wpcf7-list-item last\"><label><input type=\"radio\" name=\"vagas\" value=\"Auditor de TI J\u00fanior\" \/><span class=\"wpcf7-list-item-label\">Auditor de TI J\u00fanior<\/span><\/label><\/span><\/span><\/span>\n\n<br><\/br>\n<label> Sua mensagem (opcional)\n    <span class=\"wpcf7-form-control-wrap\" data-name=\"your-message\"><textarea cols=\"40\" rows=\"10\" maxlength=\"2000\" class=\"wpcf7-form-control wpcf7-textarea\" aria-invalid=\"false\" name=\"your-message\"><\/textarea><\/span> <\/label>\n\n<label> Anexe o seu curr\u00edculo\n<span class=\"wpcf7-form-control-wrap\" data-name=\"curriculum\"><input size=\"40\" class=\"wpcf7-form-control wpcf7-file wpcf7-validates-as-required\" accept=\"audio\/*,video\/*,image\/*\" aria-required=\"true\" aria-invalid=\"false\" type=\"file\" name=\"curriculum\" \/><\/span><\/label>\n\n<center><input class=\"wpcf7-form-control wpcf7-submit has-spinner\" type=\"submit\" value=\"Enviar\" \/><\/center><\/div><p style=\"display: none !important;\" class=\"akismet-fields-container\" data-prefix=\"_wpcf7_ak_\"><label>\u0394<textarea name=\"_wpcf7_ak_hp_textarea\" cols=\"45\" rows=\"8\" maxlength=\"100\"><\/textarea><\/label><input type=\"hidden\" id=\"ak_js_1\" name=\"_wpcf7_ak_js\" value=\"188\"\/><script type=\"text\/javascript\">\n\/* <![CDATA[ *\/\ndocument.getElementById( \"ak_js_1\" ).setAttribute( \"value\", ( new Date() ).getTime() );\n\/* ]]> *\/\n<\/script>\n<\/p><div class=\"wpcf7-response-output\" aria-hidden=\"true\"><\/div>\n<\/form>\n<\/div>\n<\/div>\n\t\t\t\t\t\t<\/div>\n\t\t\t\t<\/div>\n\t\t\t\t<section class=\"elementor-section elementor-inner-section elementor-element elementor-element-76123e6 elementor-section-boxed elementor-section-height-default elementor-section-height-default\" data-id=\"76123e6\" data-element_type=\"section\" data-e-type=\"section\">\n\t\t\t\t\t\t<div class=\"elementor-container elementor-column-gap-default\">\n\t\t\t\t\t<div class=\"elementor-column elementor-col-100 elementor-inner-column elementor-element elementor-element-9c0e3e1\" data-id=\"9c0e3e1\" data-element_type=\"column\" data-e-type=\"column\">\n\t\t\t<div class=\"elementor-widget-wrap elementor-element-populated\">\n\t\t\t\t\t\t<div class=\"elementor-element elementor-element-9e747e0 elementor-widget elementor-widget-spacer\" data-id=\"9e747e0\" data-element_type=\"widget\" data-e-type=\"widget\" data-widget_type=\"spacer.default\">\n\t\t\t\t<div class=\"elementor-widget-container\">\n\t\t\t\t\t\t\t<div class=\"elementor-spacer\">\n\t\t\t<div class=\"elementor-spacer-inner\"><\/div>\n\t\t<\/div>\n\t\t\t\t\t\t<\/div>\n\t\t\t\t<\/div>\n\t\t\t\t\t<\/div>\n\t\t<\/div>\n\t\t\t\t\t<\/div>\n\t\t<\/section>\n\t\t\t\t\t<\/div>\n\t\t<\/div>\n\t\t\t\t\t<\/div>\n\t\t<\/section>\n\t\t\t\t<section class=\"elementor-section elementor-top-section elementor-element elementor-element-27e17575 elementor-section-height-min-height elementor-section-boxed elementor-section-height-default elementor-section-items-middle\" data-id=\"27e17575\" data-element_type=\"section\" data-e-type=\"section\">\n\t\t\t\t\t\t<div class=\"elementor-container elementor-column-gap-default\">\n\t\t\t\t\t<div class=\"elementor-column elementor-col-100 elementor-top-column elementor-element elementor-element-59efb238\" data-id=\"59efb238\" data-element_type=\"column\" data-e-type=\"column\" data-settings=\"{&quot;background_background&quot;:&quot;classic&quot;}\">\n\t\t\t<div class=\"elementor-widget-wrap elementor-element-populated\">\n\t\t\t\t\t<div class=\"elementor-background-overlay\"><\/div>\n\t\t\t\t\t\t<section class=\"elementor-section elementor-inner-section elementor-element elementor-element-358048ed elementor-section-boxed elementor-section-height-default elementor-section-height-default\" data-id=\"358048ed\" data-element_type=\"section\" data-e-type=\"section\">\n\t\t\t\t\t\t<div class=\"elementor-container elementor-column-gap-default\">\n\t\t\t\t\t<div class=\"elementor-column elementor-col-100 elementor-inner-column elementor-element elementor-element-3433f433\" data-id=\"3433f433\" data-element_type=\"column\" data-e-type=\"column\">\n\t\t\t<div class=\"elementor-widget-wrap elementor-element-populated\">\n\t\t\t\t\t\t<div class=\"elementor-element elementor-element-2c90d4b2 elementor-widget elementor-widget-heading\" data-id=\"2c90d4b2\" data-element_type=\"widget\" data-e-type=\"widget\" data-widget_type=\"heading.default\">\n\t\t\t\t<div class=\"elementor-widget-container\">\n\t\t\t\t\t<h2 class=\"elementor-heading-title elementor-size-default\"><a href=\"#\">Prote\u00e7\u00e3o, Efic\u00e1cia e Efici\u00eancia para o seu neg\u00f3cio<\/a><\/h2>\t\t\t\t<\/div>\n\t\t\t\t<\/div>\n\t\t\t\t<div class=\"elementor-element elementor-element-32e1b54a elementor-align-center elementor-widget elementor-widget-button\" data-id=\"32e1b54a\" data-element_type=\"widget\" data-e-type=\"widget\" data-widget_type=\"button.default\">\n\t\t\t\t<div class=\"elementor-widget-container\">\n\t\t\t\t\t\t\t\t\t<div class=\"elementor-button-wrapper\">\n\t\t\t\t\t<a class=\"elementor-button elementor-button-link elementor-size-sm\" href=\"https:\/\/www.leonlisboa.com.br\/site\/servicos\">\n\t\t\t\t\t\t<span class=\"elementor-button-content-wrapper\">\n\t\t\t\t\t\t\t\t\t<span class=\"elementor-button-text\">clique aqui<\/span>\n\t\t\t\t\t<\/span>\n\t\t\t\t\t<\/a>\n\t\t\t\t<\/div>\n\t\t\t\t\t\t\t\t<\/div>\n\t\t\t\t<\/div>\n\t\t\t\t\t<\/div>\n\t\t<\/div>\n\t\t\t\t\t<\/div>\n\t\t<\/section>\n\t\t\t\t\t<\/div>\n\t\t<\/div>\n\t\t\t\t\t<\/div>\n\t\t<\/section>\n\t\t\t\t<\/div>\n\t\t","protected":false},"excerpt":{"rendered":"<p>Trabalhe Conosco A LE\u00d3N LISBOA aceita candidatos de todas as etnias\u00a0 (brasileira, cigana, judaica, mu\u00e7ulmana, oriental, etc), religi\u00f5es, cores, g\u00eaneros, com e sem quest\u00f5es de mobilidade ou quaisquer supostas diferen\u00e7as. O que importa para n\u00f3s \u00e9 a capacidade intelectual, o alto n\u00edvel \u00e9tico, a integridade moral, a vontade de trabalhar e estudar, e a pr\u00f3-atividade. Estas caracter\u00edsticas s\u00e3o imprescind\u00edveis ! [&hellip;]<\/p>\n","protected":false},"author":1,"featured_media":0,"parent":0,"menu_order":0,"comment_status":"closed","ping_status":"closed","template":"elementor_header_footer","meta":{"om_disable_all_campaigns":false,"_monsterinsights_skip_tracking":false,"_monsterinsights_sitenote_active":false,"_monsterinsights_sitenote_note":"","_monsterinsights_sitenote_category":0,"_uf_show_specific_survey":0,"_uf_disable_surveys":false,"footnotes":""},"class_list":["post-12853","page","type-page","status-publish","hentry"],"jetpack_sharing_enabled":true,"jetpack_likes_enabled":true,"_links":{"self":[{"href":"https:\/\/leonlisboa.com.br\/site\/wp-json\/wp\/v2\/pages\/12853","targetHints":{"allow":["GET"]}}],"collection":[{"href":"https:\/\/leonlisboa.com.br\/site\/wp-json\/wp\/v2\/pages"}],"about":[{"href":"https:\/\/leonlisboa.com.br\/site\/wp-json\/wp\/v2\/types\/page"}],"author":[{"embeddable":true,"href":"https:\/\/leonlisboa.com.br\/site\/wp-json\/wp\/v2\/users\/1"}],"replies":[{"embeddable":true,"href":"https:\/\/leonlisboa.com.br\/site\/wp-json\/wp\/v2\/comments?post=12853"}],"version-history":[{"count":54,"href":"https:\/\/leonlisboa.com.br\/site\/wp-json\/wp\/v2\/pages\/12853\/revisions"}],"predecessor-version":[{"id":12912,"href":"https:\/\/leonlisboa.com.br\/site\/wp-json\/wp\/v2\/pages\/12853\/revisions\/12912"}],"wp:attachment":[{"href":"https:\/\/leonlisboa.com.br\/site\/wp-json\/wp\/v2\/media?parent=12853"}],"curies":[{"name":"wp","href":"https:\/\/api.w.org\/{rel}","templated":true}]}}