{"id":13405,"date":"2024-09-17T14:45:12","date_gmt":"2024-09-17T17:45:12","guid":{"rendered":"https:\/\/leonlisboa.com.br\/site\/?page_id=13405"},"modified":"2024-09-25T15:02:56","modified_gmt":"2024-09-25T18:02:56","slug":"inteligencia-e-investigacao","status":"publish","type":"page","link":"https:\/\/leonlisboa.com.br\/site\/inteligencia-e-investigacao\/","title":{"rendered":"Intelig\u00eancia e Investiga\u00e7\u00e3o"},"content":{"rendered":"\t\t<div data-elementor-type=\"wp-page\" data-elementor-id=\"13405\" class=\"elementor elementor-13405\">\n\t\t\t\t\t\t<section class=\"elementor-section elementor-top-section elementor-element elementor-element-7a871607 elementor-section-boxed elementor-section-height-default elementor-section-height-default\" data-id=\"7a871607\" data-element_type=\"section\" data-e-type=\"section\" data-settings=\"{&quot;background_background&quot;:&quot;classic&quot;}\">\n\t\t\t\t\t\t\t<div class=\"elementor-background-overlay\"><\/div>\n\t\t\t\t\t\t\t<div class=\"elementor-container elementor-column-gap-default\">\n\t\t\t\t\t<div class=\"elementor-column elementor-col-100 elementor-top-column elementor-element elementor-element-5697e463\" data-id=\"5697e463\" data-element_type=\"column\" data-e-type=\"column\">\n\t\t\t<div class=\"elementor-widget-wrap elementor-element-populated\">\n\t\t\t\t\t\t<div class=\"elementor-element elementor-element-229f2bd3 elementor-widget elementor-widget-sina_title\" data-id=\"229f2bd3\" data-element_type=\"widget\" data-e-type=\"widget\" data-widget_type=\"sina_title.default\">\n\t\t\t\t<div class=\"elementor-widget-container\">\n\t\t\t\t\t\t\t<div class=\"sina-title\">\r\n\t\t\t\r\n\t\t\t\r\n\t\t\t\r\n\t\t\t\t\t\t\t<h3 class=\"sina-title-subtitle\">intelig\u00eancia e Investiga\u00e7\u00e3o<\/h3>\t\t\t\r\n\t\t\t\t\t<\/div><!-- .sina-title -->\r\n\t\t\t\t\t\t<\/div>\n\t\t\t\t<\/div>\n\t\t\t\t\t<\/div>\n\t\t<\/div>\n\t\t\t\t\t<\/div>\n\t\t<\/section>\n\t\t\t\t<section class=\"elementor-section elementor-top-section elementor-element elementor-element-6787e76 elementor-section-boxed elementor-section-height-default elementor-section-height-default\" data-id=\"6787e76\" data-element_type=\"section\" data-e-type=\"section\">\n\t\t\t\t\t\t<div class=\"elementor-container elementor-column-gap-default\">\n\t\t\t\t\t<div class=\"elementor-column elementor-col-100 elementor-top-column elementor-element elementor-element-074268c\" data-id=\"074268c\" data-element_type=\"column\" data-e-type=\"column\">\n\t\t\t<div class=\"elementor-widget-wrap elementor-element-populated\">\n\t\t\t\t\t\t<div class=\"elementor-element elementor-element-ce07df1 elementor-widget elementor-widget-spacer\" data-id=\"ce07df1\" data-element_type=\"widget\" data-e-type=\"widget\" data-widget_type=\"spacer.default\">\n\t\t\t\t<div class=\"elementor-widget-container\">\n\t\t\t\t\t\t\t<div class=\"elementor-spacer\">\n\t\t\t<div class=\"elementor-spacer-inner\"><\/div>\n\t\t<\/div>\n\t\t\t\t\t\t<\/div>\n\t\t\t\t<\/div>\n\t\t\t\t<div class=\"elementor-element elementor-element-c1472c0 elementor-widget elementor-widget-text-editor\" data-id=\"c1472c0\" data-element_type=\"widget\" data-e-type=\"widget\" data-widget_type=\"text-editor.default\">\n\t\t\t\t<div class=\"elementor-widget-container\">\n\t\t\t\t\t\t\t\t\t<p>A LE\u00d3N LISBOA oferece um servi\u00e7o altamente especializado de Intelig\u00eancia e Investiga\u00e7\u00e3o voltado para a detec\u00e7\u00e3o de amea\u00e7as e fraudes digitais, com um foco estrat\u00e9gico no Combate \u00e0 Engenharia Social. Sabemos que, no ambiente digital, os ataques n\u00e3o v\u00eam apenas por meio de invas\u00f5es t\u00e9cnicas, mas tamb\u00e9m atrav\u00e9s da manipula\u00e7\u00e3o de usu\u00e1rios, explorando vulnerabilidades humanas. Por isso, nosso servi\u00e7o \u00e9 dedicado a identificar, prevenir e neutralizar essas amea\u00e7as antes que causem danos irrevers\u00edveis ao seu neg\u00f3cio.<\/p><p>Com mais de 30 anos de experi\u00eancia no mercado de TI e Ciberseguran\u00e7a, nosso time est\u00e1 preparado para oferecer uma abordagem completa que envolve:<\/p><p>\u2013 <strong>Investiga\u00e7\u00e3o de Incidentes:<\/strong> Realizamos an\u00e1lises detalhadas de incidentes de seguran\u00e7a, identificando as origens de ataques e fraudes, rastreando comportamentos suspeitos e fornecendo relat\u00f3rios completos para uma resposta r\u00e1pida e eficaz.<\/p><p>\u2013 <strong>Monitoramento de Amea\u00e7as:<\/strong> Utilizamos ferramentas avan\u00e7adas e t\u00e9cnicas de intelig\u00eancia cibern\u00e9tica para monitorar atividades maliciosas e detectar poss\u00edveis ataques, agindo preventivamente para proteger sua empresa.<\/p><p>\u2013 <strong>Combate \u00e0 Engenharia Social:<\/strong> A engenharia social \u00e9 uma das formas mais comuns e devastadoras de ataque, onde hackers manipulam funcion\u00e1rios e usu\u00e1rios para acessar informa\u00e7\u00f5es confidenciais. Nossa equipe treina seus colaboradores, implementa pol\u00edticas de preven\u00e7\u00e3o e cria barreiras eficazes contra essas amea\u00e7as, reduzindo os riscos de intrus\u00e3o.<\/p><p>\u2013 <strong>An\u00e1lise Forense Digital:<\/strong> Investigamos e coletamos evid\u00eancias digitais ap\u00f3s um ataque, garantindo que sua empresa tenha uma vis\u00e3o clara do que ocorreu e como agir de forma legal e eficiente para mitigar danos.<\/p><p>\u2013 Recomenda\u00e7\u00f5es de Seguran\u00e7a: Ap\u00f3s cada investiga\u00e7\u00e3o, oferecemos um plano de a\u00e7\u00e3o detalhado com recomenda\u00e7\u00f5es personalizadas para fortalecer a seguran\u00e7a e evitar futuros incidentes.<\/p><p><strong>A LE\u00d3N LISBOA atua como seu parceiro na prote\u00e7\u00e3o contra fraudes digitais e ataques<\/strong> que visam tanto os sistemas quanto os usu\u00e1rios. Combinando tecnologia avan\u00e7ada e expertise em ciberseguran\u00e7a, ajudamos sua empresa a se manter segura em um mundo cada vez mais conectado e desafiador.<\/p><p>Entre em contato e descubra como nossas solu\u00e7\u00f5es de Intelig\u00eancia e Investiga\u00e7\u00e3o podem proteger sua organiza\u00e7\u00e3o contra as amea\u00e7as mais sofisticadas, incluindo a engenharia social.<\/p>\t\t\t\t\t\t\t\t<\/div>\n\t\t\t\t<\/div>\n\t\t\t\t\t<\/div>\n\t\t<\/div>\n\t\t\t\t\t<\/div>\n\t\t<\/section>\n\t\t\t\t<section class=\"elementor-section elementor-top-section elementor-element elementor-element-134a892 elementor-section-boxed elementor-section-height-default elementor-section-height-default\" data-id=\"134a892\" data-element_type=\"section\" data-e-type=\"section\">\n\t\t\t\t\t\t<div class=\"elementor-container elementor-column-gap-default\">\n\t\t\t\t\t<div class=\"elementor-column elementor-col-100 elementor-top-column elementor-element elementor-element-512130c\" data-id=\"512130c\" data-element_type=\"column\" data-e-type=\"column\">\n\t\t\t<div class=\"elementor-widget-wrap elementor-element-populated\">\n\t\t\t\t\t\t<div class=\"elementor-element elementor-element-e516727 elementor-widget elementor-widget-heading\" data-id=\"e516727\" data-element_type=\"widget\" data-e-type=\"widget\" data-widget_type=\"heading.default\">\n\t\t\t\t<div class=\"elementor-widget-container\">\n\t\t\t\t\t<h1 class=\"elementor-heading-title elementor-size-default\">Nossos servi\u00e7os<\/h1>\t\t\t\t<\/div>\n\t\t\t\t<\/div>\n\t\t\t\t\t<\/div>\n\t\t<\/div>\n\t\t\t\t\t<\/div>\n\t\t<\/section>\n\t\t\t\t<section class=\"elementor-section elementor-inner-section elementor-element elementor-element-c1797c3 elementor-section-boxed elementor-section-height-default elementor-section-height-default\" data-id=\"c1797c3\" data-element_type=\"section\" data-e-type=\"section\">\n\t\t\t\t\t\t<div class=\"elementor-container elementor-column-gap-default\">\n\t\t\t\t\t<div class=\"elementor-column elementor-col-33 elementor-inner-column elementor-element elementor-element-37ae4030\" data-id=\"37ae4030\" data-element_type=\"column\" data-e-type=\"column\">\n\t\t\t<div class=\"elementor-widget-wrap elementor-element-populated\">\n\t\t\t\t\t\t<div class=\"elementor-element elementor-element-1a47f4c elementor-widget elementor-widget-image\" data-id=\"1a47f4c\" data-element_type=\"widget\" data-e-type=\"widget\" data-widget_type=\"image.default\">\n\t\t\t\t<div class=\"elementor-widget-container\">\n\t\t\t\t\t\t\t\t\t\t\t\t\t\t\t<img decoding=\"async\" width=\"290\" height=\"150\" src=\"https:\/\/leonlisboa.com.br\/site\/wp-content\/uploads\/2023\/01\/CyberSOC-3-290x150.jpeg\" class=\"attachment-bosa-290-150 size-bosa-290-150 wp-image-11845\" alt=\"inteligencia cibernetica\" \/>\t\t\t\t\t\t\t\t\t\t\t\t\t\t\t<\/div>\n\t\t\t\t<\/div>\n\t\t\t\t<div class=\"elementor-element elementor-element-fe43951 elementor-position-top elementor-widget elementor-widget-image-box\" data-id=\"fe43951\" data-element_type=\"widget\" data-e-type=\"widget\" data-widget_type=\"image-box.default\">\n\t\t\t\t<div class=\"elementor-widget-container\">\n\t\t\t\t\t<div class=\"elementor-image-box-wrapper\"><figure class=\"elementor-image-box-img\"><a href=\"#\" tabindex=\"-1\"><img decoding=\"async\" src=\"https:\/\/awens.com.br\/leonlisboa\/wp-content\/uploads\/2022\/11\/audit_binary_compliance_magnifying-glass_investigate-100764899-large.jpg\" title=\"\" alt=\"\" loading=\"lazy\" \/><\/a><\/figure><div class=\"elementor-image-box-content\"><h3 class=\"elementor-image-box-title\"><a href=\"#\">Intelig\u00eancia Cibern\u00e9tica<\/a><\/h3><p class=\"elementor-image-box-description\">(Cyber Intelligence)<\/p><\/div><\/div>\t\t\t\t<\/div>\n\t\t\t\t<\/div>\n\t\t\t\t<div class=\"elementor-element elementor-element-3dbd9cb5 elementor-align-center elementor-widget elementor-widget-button\" data-id=\"3dbd9cb5\" data-element_type=\"widget\" data-e-type=\"widget\" data-widget_type=\"button.default\">\n\t\t\t\t<div class=\"elementor-widget-container\">\n\t\t\t\t\t\t\t\t\t<div class=\"elementor-button-wrapper\">\n\t\t\t\t\t<a class=\"elementor-button elementor-button-link elementor-size-sm\" href=\"https:\/\/leonlisboa.com.br\/site\/inteligencia-cibernetica-cyber-intelligence\/\">\n\t\t\t\t\t\t<span class=\"elementor-button-content-wrapper\">\n\t\t\t\t\t\t\t\t\t<span class=\"elementor-button-text\">Detalhes<\/span>\n\t\t\t\t\t<\/span>\n\t\t\t\t\t<\/a>\n\t\t\t\t<\/div>\n\t\t\t\t\t\t\t\t<\/div>\n\t\t\t\t<\/div>\n\t\t\t\t\t<\/div>\n\t\t<\/div>\n\t\t\t\t<div class=\"elementor-column elementor-col-33 elementor-inner-column elementor-element elementor-element-6eca2f6a\" data-id=\"6eca2f6a\" data-element_type=\"column\" data-e-type=\"column\">\n\t\t\t<div class=\"elementor-widget-wrap elementor-element-populated\">\n\t\t\t\t\t\t<div class=\"elementor-element elementor-element-ab83812 elementor-widget elementor-widget-image\" data-id=\"ab83812\" data-element_type=\"widget\" data-e-type=\"widget\" data-widget_type=\"image.default\">\n\t\t\t\t<div class=\"elementor-widget-container\">\n\t\t\t\t\t\t\t\t\t\t\t\t\t\t\t<img decoding=\"async\" width=\"290\" height=\"150\" src=\"https:\/\/leonlisboa.com.br\/site\/wp-content\/uploads\/2023\/01\/pentester-2-290x150.jpg\" class=\"attachment-bosa-290-150 size-bosa-290-150 wp-image-11809\" alt=\"investigacao cibernetica\" \/>\t\t\t\t\t\t\t\t\t\t\t\t\t\t\t<\/div>\n\t\t\t\t<\/div>\n\t\t\t\t<div class=\"elementor-element elementor-element-40346d5a elementor-position-top elementor-widget elementor-widget-image-box\" data-id=\"40346d5a\" data-element_type=\"widget\" data-e-type=\"widget\" data-widget_type=\"image-box.default\">\n\t\t\t\t<div class=\"elementor-widget-container\">\n\t\t\t\t\t<div class=\"elementor-image-box-wrapper\"><figure class=\"elementor-image-box-img\"><a href=\"#\" tabindex=\"-1\"><img decoding=\"async\" src=\"https:\/\/awens.com.br\/leonlisboa\/wp-content\/uploads\/2022\/11\/CyberSOC-4.jpeg\" title=\"\" alt=\"\" loading=\"lazy\" \/><\/a><\/figure><div class=\"elementor-image-box-content\"><h3 class=\"elementor-image-box-title\"><a href=\"#\">Investiga\u00e7\u00e3o Cibern\u00e9tica<\/a><\/h3><p class=\"elementor-image-box-description\">(Cyber Security Audit)<\/p><\/div><\/div>\t\t\t\t<\/div>\n\t\t\t\t<\/div>\n\t\t\t\t<div class=\"elementor-element elementor-element-44e3449b elementor-align-center elementor-widget elementor-widget-button\" data-id=\"44e3449b\" data-element_type=\"widget\" data-e-type=\"widget\" data-widget_type=\"button.default\">\n\t\t\t\t<div class=\"elementor-widget-container\">\n\t\t\t\t\t\t\t\t\t<div class=\"elementor-button-wrapper\">\n\t\t\t\t\t<a class=\"elementor-button elementor-button-link elementor-size-sm\" href=\"https:\/\/leonlisboa.com.br\/site\/investigacao-cibernetica\/\">\n\t\t\t\t\t\t<span class=\"elementor-button-content-wrapper\">\n\t\t\t\t\t\t\t\t\t<span class=\"elementor-button-text\">Detalhes<\/span>\n\t\t\t\t\t<\/span>\n\t\t\t\t\t<\/a>\n\t\t\t\t<\/div>\n\t\t\t\t\t\t\t\t<\/div>\n\t\t\t\t<\/div>\n\t\t\t\t\t<\/div>\n\t\t<\/div>\n\t\t\t\t<div class=\"elementor-column elementor-col-33 elementor-inner-column elementor-element elementor-element-6e0cb35b\" data-id=\"6e0cb35b\" data-element_type=\"column\" data-e-type=\"column\">\n\t\t\t<div class=\"elementor-widget-wrap elementor-element-populated\">\n\t\t\t\t\t\t<div class=\"elementor-element elementor-element-4e92079 elementor-widget elementor-widget-image\" data-id=\"4e92079\" data-element_type=\"widget\" data-e-type=\"widget\" data-widget_type=\"image.default\">\n\t\t\t\t<div class=\"elementor-widget-container\">\n\t\t\t\t\t\t\t\t\t\t\t\t\t\t\t<img decoding=\"async\" width=\"290\" height=\"150\" src=\"https:\/\/leonlisboa.com.br\/site\/wp-content\/uploads\/pentester-pretoebranco-290x150.jpg\" class=\"attachment-bosa-290-150 size-bosa-290-150 wp-image-12150\" alt=\"engenharia social\" \/>\t\t\t\t\t\t\t\t\t\t\t\t\t\t\t<\/div>\n\t\t\t\t<\/div>\n\t\t\t\t<div class=\"elementor-element elementor-element-2fc6b03 elementor-position-top elementor-widget elementor-widget-image-box\" data-id=\"2fc6b03\" data-element_type=\"widget\" data-e-type=\"widget\" data-widget_type=\"image-box.default\">\n\t\t\t\t<div class=\"elementor-widget-container\">\n\t\t\t\t\t<div class=\"elementor-image-box-wrapper\"><figure class=\"elementor-image-box-img\"><a href=\"#\" tabindex=\"-1\"><img decoding=\"async\" src=\"https:\/\/awens.com.br\/leonlisboa\/wp-content\/uploads\/2022\/11\/fraud-investigation.jpg\" title=\"\" alt=\"\" loading=\"lazy\" \/><\/a><\/figure><div class=\"elementor-image-box-content\"><h3 class=\"elementor-image-box-title\"><a href=\"#\">Combate \u00e0 Engenharia Social<\/a><\/h3><\/div><\/div>\t\t\t\t<\/div>\n\t\t\t\t<\/div>\n\t\t\t\t<div class=\"elementor-element elementor-element-a93f29b elementor-align-center elementor-widget elementor-widget-button\" data-id=\"a93f29b\" data-element_type=\"widget\" data-e-type=\"widget\" data-widget_type=\"button.default\">\n\t\t\t\t<div class=\"elementor-widget-container\">\n\t\t\t\t\t\t\t\t\t<div class=\"elementor-button-wrapper\">\n\t\t\t\t\t<a class=\"elementor-button elementor-button-link elementor-size-sm\" href=\"https:\/\/www.leonlisboa.com.br\/site\/engenharia-social\">\n\t\t\t\t\t\t<span class=\"elementor-button-content-wrapper\">\n\t\t\t\t\t\t\t\t\t<span class=\"elementor-button-text\">Detalhes<\/span>\n\t\t\t\t\t<\/span>\n\t\t\t\t\t<\/a>\n\t\t\t\t<\/div>\n\t\t\t\t\t\t\t\t<\/div>\n\t\t\t\t<\/div>\n\t\t\t\t\t<\/div>\n\t\t<\/div>\n\t\t\t\t\t<\/div>\n\t\t<\/section>\n\t\t\t\t<section class=\"elementor-section elementor-top-section elementor-element elementor-element-a0e663a elementor-section-boxed elementor-section-height-default elementor-section-height-default\" data-id=\"a0e663a\" data-element_type=\"section\" data-e-type=\"section\">\n\t\t\t\t\t\t<div class=\"elementor-container elementor-column-gap-default\">\n\t\t\t\t\t<div class=\"elementor-column elementor-col-100 elementor-top-column elementor-element elementor-element-0c6df52\" data-id=\"0c6df52\" data-element_type=\"column\" data-e-type=\"column\">\n\t\t\t<div class=\"elementor-widget-wrap elementor-element-populated\">\n\t\t\t\t\t\t<div class=\"elementor-element elementor-element-f540048 elementor-widget elementor-widget-spacer\" data-id=\"f540048\" data-element_type=\"widget\" data-e-type=\"widget\" data-widget_type=\"spacer.default\">\n\t\t\t\t<div class=\"elementor-widget-container\">\n\t\t\t\t\t\t\t<div class=\"elementor-spacer\">\n\t\t\t<div class=\"elementor-spacer-inner\"><\/div>\n\t\t<\/div>\n\t\t\t\t\t\t<\/div>\n\t\t\t\t<\/div>\n\t\t\t\t\t<\/div>\n\t\t<\/div>\n\t\t\t\t\t<\/div>\n\t\t<\/section>\n\t\t\t\t<section class=\"elementor-section elementor-top-section elementor-element elementor-element-34e08d0c elementor-section-boxed elementor-section-height-default elementor-section-height-default\" data-id=\"34e08d0c\" data-element_type=\"section\" data-e-type=\"section\" data-settings=\"{&quot;background_background&quot;:&quot;classic&quot;}\">\n\t\t\t\t\t\t\t<div class=\"elementor-background-overlay\"><\/div>\n\t\t\t\t\t\t\t<div class=\"elementor-container elementor-column-gap-no\">\n\t\t\t\t\t<div class=\"elementor-column elementor-col-50 elementor-top-column elementor-element elementor-element-42c2d902\" data-id=\"42c2d902\" data-element_type=\"column\" data-e-type=\"column\">\n\t\t\t<div class=\"elementor-widget-wrap elementor-element-populated\">\n\t\t\t\t\t\t<section class=\"elementor-section elementor-inner-section elementor-element elementor-element-1242a846 elementor-section-boxed elementor-section-height-default elementor-section-height-default\" data-id=\"1242a846\" data-element_type=\"section\" data-e-type=\"section\">\n\t\t\t\t\t\t<div class=\"elementor-container elementor-column-gap-no\">\n\t\t\t\t\t<div class=\"elementor-column elementor-col-100 elementor-inner-column elementor-element elementor-element-6f76397b\" data-id=\"6f76397b\" data-element_type=\"column\" data-e-type=\"column\" data-settings=\"{&quot;background_background&quot;:&quot;classic&quot;}\">\n\t\t\t<div class=\"elementor-widget-wrap elementor-element-populated\">\n\t\t\t\t\t<div class=\"elementor-background-overlay\"><\/div>\n\t\t\t\t\t\t<div class=\"elementor-element elementor-element-3955cb35 elementor-widget elementor-widget-sina_title\" data-id=\"3955cb35\" data-element_type=\"widget\" data-e-type=\"widget\" data-widget_type=\"sina_title.default\">\n\t\t\t\t<div class=\"elementor-widget-container\">\n\t\t\t\t\t\t\t<div class=\"sina-title\">\r\n\t\t\t\r\n\t\t\t\t\t\t\t<h2 class=\"sina-title-title\">contato<\/h2>\t\t\t\r\n\t\t\t\r\n\t\t\t\t\t\t\t<h3 class=\"sina-title-subtitle\">fale conosco<\/h3>\t\t\t\r\n\t\t\t\t\t<\/div><!-- .sina-title -->\r\n\t\t\t\t\t\t<\/div>\n\t\t\t\t<\/div>\n\t\t\t\t\t<\/div>\n\t\t<\/div>\n\t\t\t\t\t<\/div>\n\t\t<\/section>\n\t\t\t\t\t<\/div>\n\t\t<\/div>\n\t\t\t\t<div class=\"elementor-column elementor-col-50 elementor-top-column elementor-element elementor-element-7d268756\" data-id=\"7d268756\" data-element_type=\"column\" data-e-type=\"column\">\n\t\t\t<div class=\"elementor-widget-wrap elementor-element-populated\">\n\t\t\t\t\t\t<section class=\"elementor-section elementor-inner-section elementor-element elementor-element-2292bff8 elementor-section-boxed elementor-section-height-default elementor-section-height-default\" data-id=\"2292bff8\" data-element_type=\"section\" data-e-type=\"section\">\n\t\t\t\t\t\t<div class=\"elementor-container elementor-column-gap-default\">\n\t\t\t\t\t<div class=\"elementor-column elementor-col-100 elementor-inner-column elementor-element elementor-element-4e05cd41\" data-id=\"4e05cd41\" data-element_type=\"column\" data-e-type=\"column\">\n\t\t\t<div class=\"elementor-widget-wrap elementor-element-populated\">\n\t\t\t\t\t\t<div class=\"elementor-element elementor-element-7c59b035 elementor-widget elementor-widget-shortcode\" data-id=\"7c59b035\" data-element_type=\"widget\" data-e-type=\"widget\" id=\"bosa-insurance-contact\" data-widget_type=\"shortcode.default\">\n\t\t\t\t<div class=\"elementor-widget-container\">\n\t\t\t\t\t\t\t<div class=\"elementor-shortcode\">\n<div class=\"wpcf7 no-js\" id=\"wpcf7-f3876-o1\" lang=\"en-US\" dir=\"ltr\" data-wpcf7-id=\"3876\">\n<div class=\"screen-reader-response\"><p role=\"status\" aria-live=\"polite\" aria-atomic=\"true\"><\/p> <ul><\/ul><\/div>\n<form action=\"\/site\/wp-json\/wp\/v2\/pages\/13405#wpcf7-f3876-o1\" method=\"post\" class=\"wpcf7-form init b9365bf4b5e4 cmatic-disconn cmatic-aud-0 cmatic-mapd0-0 cmatic-v097803 cmatic-sent-0 cmatic-total-0\" aria-label=\"Contact form\" novalidate=\"novalidate\" data-status=\"init\">\n<fieldset class=\"hidden-fields-container\"><input type=\"hidden\" name=\"_wpcf7\" value=\"3876\" \/><input type=\"hidden\" name=\"_wpcf7_version\" value=\"6.1.5\" \/><input type=\"hidden\" name=\"_wpcf7_locale\" value=\"en_US\" \/><input type=\"hidden\" name=\"_wpcf7_unit_tag\" value=\"wpcf7-f3876-o1\" \/><input type=\"hidden\" name=\"_wpcf7_container_post\" value=\"0\" \/><input type=\"hidden\" name=\"_wpcf7_posted_data_hash\" value=\"\" \/><input type=\"hidden\" name=\"_uacf7_hidden_conditional_fields\" value=\"\" \/><input type=\"hidden\" name=\"_wpcf7_recaptcha_response\" value=\"\" \/>\n<\/fieldset>\n<div class=\"uacf7-form-wrapper-container uacf7-form-3876  \"><div class=\"form-area\">\n<div class=\"row\">\n<div class=\"col-lg-6 col-sm-12\">\n    <span class=\"wpcf7-form-control-wrap\" data-name=\"your-name\"><input size=\"40\" maxlength=\"400\" class=\"wpcf7-form-control wpcf7-text wpcf7-validates-as-required\" aria-required=\"true\" aria-invalid=\"false\" placeholder=\"Nome:\" value=\"\" type=\"text\" name=\"your-name\" \/><\/span> \n<\/div>\n<div class=\"col-lg-6 col-sm-12\">\n    <span class=\"wpcf7-form-control-wrap\" data-name=\"your-email\"><input size=\"40\" maxlength=\"400\" class=\"wpcf7-form-control wpcf7-email wpcf7-validates-as-required wpcf7-text wpcf7-validates-as-email\" aria-required=\"true\" aria-invalid=\"false\" placeholder=\"E-mail:\" value=\"\" type=\"email\" name=\"your-email\" \/><\/span>\n<\/div>\n<div class=\"col-lg-12 col-sm-12\">\n    <span class=\"wpcf7-form-control-wrap\" data-name=\"your-subject\"><input size=\"40\" maxlength=\"400\" class=\"wpcf7-form-control wpcf7-text\" aria-invalid=\"false\" placeholder=\"Assunto:\" value=\"\" type=\"text\" name=\"your-subject\" \/><\/span>\n<\/div>\n<div class=\"col-lg-12 col-sm-12\">\n <span class=\"wpcf7-form-control-wrap\" data-name=\"your-message\"><textarea cols=\"40\" rows=\"10\" maxlength=\"2000\" class=\"wpcf7-form-control wpcf7-textarea\" aria-invalid=\"false\" placeholder=\"Mensagem:\" name=\"your-message\"><\/textarea><\/span>\n<\/div>\n<div class=\"col-lg-12 col-sm-12\">\n  <input class=\"wpcf7-form-control wpcf7-submit has-spinner\" type=\"submit\" value=\"ENVIAR\" \/>\n<\/div>\n<\/div>\n<\/div><\/div><p style=\"display: none !important;\" class=\"akismet-fields-container\" data-prefix=\"_wpcf7_ak_\"><label>\u0394<textarea name=\"_wpcf7_ak_hp_textarea\" cols=\"45\" rows=\"8\" maxlength=\"100\"><\/textarea><\/label><input type=\"hidden\" id=\"ak_js_1\" name=\"_wpcf7_ak_js\" value=\"62\"\/><script type=\"text\/javascript\">\n\/* <![CDATA[ *\/\ndocument.getElementById( \"ak_js_1\" ).setAttribute( \"value\", ( new Date() ).getTime() );\n\/* ]]> *\/\n<\/script>\n<\/p><div class=\"wpcf7-response-output\" aria-hidden=\"true\"><\/div>\n<\/form>\n<\/div>\n<\/div>\n\t\t\t\t\t\t<\/div>\n\t\t\t\t<\/div>\n\t\t\t\t\t<\/div>\n\t\t<\/div>\n\t\t\t\t\t<\/div>\n\t\t<\/section>\n\t\t\t\t\t<\/div>\n\t\t<\/div>\n\t\t\t\t\t<\/div>\n\t\t<\/section>\n\t\t\t\t<\/div>\n\t\t","protected":false},"excerpt":{"rendered":"<p>intelig\u00eancia e Investiga\u00e7\u00e3o A LE\u00d3N LISBOA oferece um servi\u00e7o altamente especializado de Intelig\u00eancia e Investiga\u00e7\u00e3o voltado para a detec\u00e7\u00e3o de amea\u00e7as e fraudes digitais, com um foco estrat\u00e9gico no Combate \u00e0 Engenharia Social. Sabemos que, no ambiente digital, os ataques n\u00e3o v\u00eam apenas por meio de invas\u00f5es t\u00e9cnicas, mas tamb\u00e9m atrav\u00e9s da manipula\u00e7\u00e3o de usu\u00e1rios, explorando vulnerabilidades humanas. Por isso, [&hellip;]<\/p>\n","protected":false},"author":1,"featured_media":0,"parent":0,"menu_order":0,"comment_status":"closed","ping_status":"closed","template":"elementor_header_footer","meta":{"om_disable_all_campaigns":false,"_monsterinsights_skip_tracking":false,"_monsterinsights_sitenote_active":false,"_monsterinsights_sitenote_note":"","_monsterinsights_sitenote_category":0,"_uf_show_specific_survey":0,"_uf_disable_surveys":false,"footnotes":""},"class_list":["post-13405","page","type-page","status-publish","hentry"],"jetpack_sharing_enabled":true,"jetpack_likes_enabled":true,"_links":{"self":[{"href":"https:\/\/leonlisboa.com.br\/site\/wp-json\/wp\/v2\/pages\/13405","targetHints":{"allow":["GET"]}}],"collection":[{"href":"https:\/\/leonlisboa.com.br\/site\/wp-json\/wp\/v2\/pages"}],"about":[{"href":"https:\/\/leonlisboa.com.br\/site\/wp-json\/wp\/v2\/types\/page"}],"author":[{"embeddable":true,"href":"https:\/\/leonlisboa.com.br\/site\/wp-json\/wp\/v2\/users\/1"}],"replies":[{"embeddable":true,"href":"https:\/\/leonlisboa.com.br\/site\/wp-json\/wp\/v2\/comments?post=13405"}],"version-history":[{"count":13,"href":"https:\/\/leonlisboa.com.br\/site\/wp-json\/wp\/v2\/pages\/13405\/revisions"}],"predecessor-version":[{"id":13529,"href":"https:\/\/leonlisboa.com.br\/site\/wp-json\/wp\/v2\/pages\/13405\/revisions\/13529"}],"wp:attachment":[{"href":"https:\/\/leonlisboa.com.br\/site\/wp-json\/wp\/v2\/media?parent=13405"}],"curies":[{"name":"wp","href":"https:\/\/api.w.org\/{rel}","templated":true}]}}